{"id":34,"date":"2026-04-29T22:34:33","date_gmt":"2026-04-29T19:34:33","guid":{"rendered":"http:\/\/localhost:8094\/about\/"},"modified":"2026-04-29T22:36:08","modified_gmt":"2026-04-29T19:36:08","slug":"about","status":"publish","type":"page","link":"https:\/\/bozcon.com\/tr\/about\/","title":{"rendered":"Hakk\u0131m\u0131zda"},"content":{"rendered":"<div data-elementor-type=\"wp-page\" data-elementor-id=\"34\" class=\"elementor elementor-34\">\n\t\t\t\t\t\t<section class=\"elementor-section elementor-top-section elementor-element elementor-element-bzabout01 elementor-section-full_width elementor-section-height-default elementor-section-height-default\" data-id=\"bzabout01\" data-element_type=\"section\" data-e-type=\"section\">\n\t\t\t\t\t\t<div class=\"elementor-container elementor-column-gap-no\">\n\t\t\t\t\t<div class=\"elementor-column elementor-col-100 elementor-top-column elementor-element elementor-element-bzabout01col\" data-id=\"bzabout01col\" data-element_type=\"column\" data-e-type=\"column\">\n\t\t\t<div class=\"elementor-widget-wrap elementor-element-populated\">\n\t\t\t\t\t\t<div class=\"elementor-element elementor-element-bzab01h elementor-widget elementor-widget-html\" data-id=\"bzab01h\" data-element_type=\"widget\" data-e-type=\"widget\" data-widget_type=\"html.default\">\n\t\t\t\t\t<div class=\"bz-about-header\"><div><span class=\"bz-about-header__eyebrow\">B\u0130Z K\u0130M\u0130Z<\/span><h1 class=\"bz-about-header__h1\">M\u00fchendislik harikas\u0131 yap\u0131lar, yirmi y\u0131ll\u0131k birikim.<\/h1><p class=\"bz-about-header__sub\">Bir Kocaeli fabrika zemininden 16 \u00fclkedeki \u015fantiye sahalar\u0131na kadar \u2014 BozCon Prefabrik, 2000'lerin ba\u015f\u0131ndan beri ya\u015famak, \u00e7al\u0131\u015fmak ve operasyon i\u00e7in mod\u00fcler, \u00e7elik ve konteyner yap\u0131lar \u00fcretiyor.<\/p><\/div><\/div>\t\t\t\t<\/div>\n\t\t\t\t\t<\/div>\n\t\t<\/div>\n\t\t\t\t\t<\/div>\n\t\t<\/section>\n\t\t\t\t<section class=\"elementor-section elementor-top-section elementor-element elementor-element-bzabout02 elementor-section-full_width elementor-section-height-default elementor-section-height-default\" data-id=\"bzabout02\" data-element_type=\"section\" data-e-type=\"section\">\n\t\t\t\t\t\t<div class=\"elementor-container elementor-column-gap-no\">\n\t\t\t\t\t<div class=\"elementor-column elementor-col-100 elementor-top-column elementor-element elementor-element-bzabout02col\" data-id=\"bzabout02col\" data-element_type=\"column\" data-e-type=\"column\">\n\t\t\t<div class=\"elementor-widget-wrap elementor-element-populated\">\n\t\t\t\t\t\t<div class=\"elementor-element elementor-element-bzab02s elementor-widget elementor-widget-html\" data-id=\"bzab02s\" data-element_type=\"widget\" data-e-type=\"widget\" data-widget_type=\"html.default\">\n\t\t\t\t\t<div class=\"bz-about-stats\"><div class=\"bz-about-stats__grid\"><div class=\"bz-about-stat\"><span class=\"bz-about-stat__num\">20+<\/span><span class=\"bz-about-stat__label\">YIL \u00b7 sekt\u00f6r deneyimi<\/span><\/div><div class=\"bz-about-stat\"><span class=\"bz-about-stat__num\">20.000<\/span><span class=\"bz-about-stat__label\">M\u00b2 \u00b7 Kocaeli Gebze \u00fcretim tesisi<\/span><\/div><div class=\"bz-about-stat\"><span class=\"bz-about-stat__num\">300+<\/span><span class=\"bz-about-stat__label\">EK\u0130P \u00b7 uzman ekip \u00fcyesi<\/span><\/div><div class=\"bz-about-stat\"><span class=\"bz-about-stat__num\">16+<\/span><span class=\"bz-about-stat__label\">\u00dcLKE \u00b7 uluslararas\u0131 referans<\/span><\/div><\/div><\/div>\t\t\t\t<\/div>\n\t\t\t\t\t<\/div>\n\t\t<\/div>\n\t\t\t\t\t<\/div>\n\t\t<\/section>\n\t\t\t\t<section class=\"elementor-section elementor-top-section elementor-element elementor-element-bzabout03 elementor-section-full_width elementor-section-height-default elementor-section-height-default\" data-id=\"bzabout03\" data-element_type=\"section\" data-e-type=\"section\">\n\t\t\t\t\t\t<div class=\"elementor-container elementor-column-gap-no\">\n\t\t\t\t\t<div class=\"elementor-column elementor-col-100 elementor-top-column elementor-element elementor-element-bzabout03col\" data-id=\"bzabout03col\" data-element_type=\"column\" data-e-type=\"column\">\n\t\t\t<div class=\"elementor-widget-wrap elementor-element-populated\">\n\t\t\t\t\t\t<div class=\"elementor-element elementor-element-bzab03o elementor-widget elementor-widget-html\" data-id=\"bzab03o\" data-element_type=\"widget\" data-e-type=\"widget\" data-widget_type=\"html.default\">\n\t\t\t\t\t<div class=\"bz-about-origin\"><div><h2 class=\"bz-about-origin__heading\">M\u00fchendislikle in\u015fa edilmi\u015f, talebe g\u00f6re b\u00fcy\u00fcm\u00fc\u015f.<\/h2><p class=\"bz-about-origin__body\">BozCon Prefabrik prefabrik evler, ofis binalar\u0131, sosyal tesisler, deprem evleri ve hafif \u00e7elik yap\u0131lar \u00fcreterek ba\u015flad\u0131. S\u00fcrekli b\u00fcy\u00fcmeyi kendine hedef olarak belirleyen BozCon Prefabrik, \u00e7elik konstr\u00fcksiyon yap\u0131lar ve konteyner imalat\u0131na geni\u015fledi \u2014 sekt\u00f6r\u00fcn lider firmalar\u0131 aras\u0131na girmeyi ba\u015fard\u0131.<\/p><p class=\"bz-about-origin__body\">Bug\u00fcnk\u00fc \u00fcr\u00fcn gam\u0131m\u0131z: prefabrik evler, \u015fantiye ofisleri, sosyal tesisler, hastaneler, okullar, ofis ve ya\u015fam konteynerleri ve eksiksiz \u00e7elik konstr\u00fcksiyon. M\u00fc\u015fteri memnuniyeti teknik ve idari ekibimizi y\u00f6nlendirir \u2014 20 y\u0131l\u0131 a\u015fk\u0131n s\u00fcredir h\u0131zl\u0131, y\u00fcksek kaliteli \u00e7\u00f6z\u00fcmler, hem yurt i\u00e7i hem uluslararas\u0131.<\/p><\/div><aside class=\"bz-about-focus\"><span class=\"bz-about-focus__eyebrow\">ODAK NOKTAMIZ<\/span><ul class=\"bz-about-focus__list\"><li>Mod\u00fcler Ya\u015fam<\/li><li>\u0130\u015f\u00e7i Kamplar\u0131<\/li><li>End\u00fcstriyel Tesisler<\/li><li>BozVilla Ya\u015fam<\/li><li>\u00d6zel \u00c7elik Konstr\u00fcksiyon<\/li><\/ul><\/aside><\/div>\t\t\t\t<\/div>\n\t\t\t\t\t<\/div>\n\t\t<\/div>\n\t\t\t\t\t<\/div>\n\t\t<\/section>\n\t\t\t\t<section class=\"elementor-section elementor-top-section elementor-element elementor-element-bzabout04 elementor-section-full_width elementor-section-height-default elementor-section-height-default\" data-id=\"bzabout04\" data-element_type=\"section\" data-e-type=\"section\">\n\t\t\t\t\t\t<div class=\"elementor-container elementor-column-gap-no\">\n\t\t\t\t\t<div class=\"elementor-column elementor-col-100 elementor-top-column elementor-element elementor-element-bzabout04col\" data-id=\"bzabout04col\" data-element_type=\"column\" data-e-type=\"column\">\n\t\t\t<div class=\"elementor-widget-wrap elementor-element-populated\">\n\t\t\t\t\t\t<div class=\"elementor-element elementor-element-bzab04c elementor-widget elementor-widget-html\" data-id=\"bzab04c\" data-element_type=\"widget\" data-e-type=\"widget\" data-widget_type=\"html.default\">\n\t\t\t\t\t<div class=\"bz-about-caps\"><div class=\"bz-about-caps__inner\"><h2 class=\"bz-about-caps__heading\">Gebze tesisimizin i\u00e7inden.<\/h2><div class=\"bz-about-caps__grid\"><div class=\"bz-about-cap\"><div class=\"bz-about-cap__icon\"><i class=\"fas fa-industry\"><\/i><\/div><h3 class=\"bz-about-cap__title\">Makine Park\u0131<\/h3><p class=\"bz-about-cap__desc\">20.000 m\u00b2 tesisimizde 7 Rollform makinesi, 6 abkant pres, 3 giyotin makas, ayr\u0131ca delik ve montaj istasyonlar\u0131.<\/p><\/div><div class=\"bz-about-cap\"><div class=\"bz-about-cap__icon\"><i class=\"fas fa-flask\"><\/i><\/div><h3 class=\"bz-about-cap__title\">AR-GE Odakl\u0131<\/h3><p class=\"bz-about-cap__desc\">En son \u00fcretim teknolojisi, s\u0131f\u0131r hata kalite hedefi, m\u00fchendislik AR-GE'sinin y\u00f6nlendirdi\u011fi s\u00fcrekli s\u00fcre\u00e7 iyile\u015ftirme.<\/p><\/div><div class=\"bz-about-cap\"><div class=\"bz-about-cap__icon\"><i class=\"fas fa-shield-alt\"><\/i><\/div><h3 class=\"bz-about-cap__title\">Galvanizli Profil<\/h3><p class=\"bz-about-cap__desc\">Bobinden beslenen galvanizli \u00e7elik spesifikasyona g\u00f6re kesilip rulolan\u0131r \u2014 varsay\u0131lan olarak korozyona dayan\u0131kl\u0131, kaynaks\u0131z yap\u0131m teknolojisi.<\/p><\/div><\/div><\/div><\/div>\t\t\t\t<\/div>\n\t\t\t\t\t<\/div>\n\t\t<\/div>\n\t\t\t\t\t<\/div>\n\t\t<\/section>\n\t\t\t\t<section class=\"elementor-section elementor-top-section elementor-element elementor-element-bzabout05 elementor-section-full_width elementor-section-height-default elementor-section-height-default\" data-id=\"bzabout05\" data-element_type=\"section\" data-e-type=\"section\">\n\t\t\t\t\t\t<div class=\"elementor-container elementor-column-gap-no\">\n\t\t\t\t\t<div class=\"elementor-column elementor-col-100 elementor-top-column elementor-element elementor-element-bzabout05col\" data-id=\"bzabout05col\" data-element_type=\"column\" data-e-type=\"column\">\n\t\t\t<div class=\"elementor-widget-wrap elementor-element-populated\">\n\t\t\t\t\t\t<div class=\"elementor-element elementor-element-bzab05q elementor-widget elementor-widget-html\" data-id=\"bzab05q\" data-element_type=\"widget\" data-e-type=\"widget\" data-widget_type=\"html.default\">\n\t\t\t\t\t<div class=\"bz-about-quote\"><span class=\"bz-about-quote__eyebrow\">M\u00dcHEND\u0130SL\u0130K YAKLA\u015eIMI<\/span><p class=\"bz-about-quote__text\">Statik hesaplar da\u011f\u0131t\u0131m sahas\u0131n\u0131n iklimine g\u00f6re yap\u0131l\u0131r. Tamamen galvanizli profil, kaynaks\u0131z yap\u0131m teknolojisi. Konteynerler \u2014 tek par\u00e7a veya s\u00f6k\u00fclebilir \u2014 tamamen galvanizli malzemelerden \u00fcretilir.<\/p><p class=\"bz-about-quote__author\">\u2014 BozCon M\u00fchendislik Ekibi<\/p><\/div>\t\t\t\t<\/div>\n\t\t\t\t\t<\/div>\n\t\t<\/div>\n\t\t\t\t\t<\/div>\n\t\t<\/section>\n\t\t\t\t<section class=\"elementor-section elementor-top-section elementor-element elementor-element-bzabout06 elementor-section-full_width elementor-section-height-default elementor-section-height-default\" data-id=\"bzabout06\" data-element_type=\"section\" data-e-type=\"section\">\n\t\t\t\t\t\t<div class=\"elementor-container elementor-column-gap-no\">\n\t\t\t\t\t<div class=\"elementor-column elementor-col-100 elementor-top-column elementor-element elementor-element-bzabout06col\" data-id=\"bzabout06col\" data-element_type=\"column\" data-e-type=\"column\">\n\t\t\t<div class=\"elementor-widget-wrap elementor-element-populated\">\n\t\t\t\t\t\t<div class=\"elementor-element elementor-element-bzab06r elementor-widget elementor-widget-html\" data-id=\"bzab06r\" data-element_type=\"widget\" data-e-type=\"widget\" data-widget_type=\"html.default\">\n\t\t\t\t\t<div class=\"bz-about-reach\"><div class=\"bz-about-reach__inner\"><h2 class=\"bz-about-reach__heading\">D\u00fcnya \u00e7ap\u0131nda teslim.<\/h2><p class=\"bz-about-reach__sub\">16+ \u00fclkede aktif referanslar \u2014 ve say\u0131l\u0131yor.<\/p><div class=\"bz-about-reach__grid\"><div class=\"bz-about-reach__chip\">Almanya<\/div><div class=\"bz-about-reach__chip\">T\u00fcrkmenistan<\/div><div class=\"bz-about-reach__chip\">Kuzey Afrika<\/div><div class=\"bz-about-reach__chip\">Irak<\/div><div class=\"bz-about-reach__chip\">\u0130ran<\/div><div class=\"bz-about-reach__chip\">Azerbaycan<\/div><div class=\"bz-about-reach__chip\">Birle\u015fik Krall\u0131k<\/div><div class=\"bz-about-reach__chip\">Libya<\/div><div class=\"bz-about-reach__chip\">Tacikistan<\/div><div class=\"bz-about-reach__chip\">Romanya<\/div><div class=\"bz-about-reach__chip\">Sudan<\/div><div class=\"bz-about-reach__chip\">Bulgaristan<\/div><div class=\"bz-about-reach__chip\">Nijerya<\/div><div class=\"bz-about-reach__chip\">Suudi Arabistan<\/div><div class=\"bz-about-reach__chip\">Ukrayna<\/div><div class=\"bz-about-reach__chip\">G\u00fcrcistan<\/div><\/div><\/div><\/div>\t\t\t\t<\/div>\n\t\t\t\t\t<\/div>\n\t\t<\/div>\n\t\t\t\t\t<\/div>\n\t\t<\/section>\n\t\t\t\t<section class=\"elementor-section elementor-top-section elementor-element elementor-element-bzabout07 elementor-section-full_width elementor-section-height-default elementor-section-height-default\" data-id=\"bzabout07\" data-element_type=\"section\" data-e-type=\"section\">\n\t\t\t\t\t\t<div class=\"elementor-container elementor-column-gap-no\">\n\t\t\t\t\t<div class=\"elementor-column elementor-col-100 elementor-top-column elementor-element elementor-element-bzabout07col\" data-id=\"bzabout07col\" data-element_type=\"column\" data-e-type=\"column\">\n\t\t\t<div class=\"elementor-widget-wrap elementor-element-populated\">\n\t\t\t\t\t\t<div class=\"elementor-element elementor-element-bzab07c elementor-widget elementor-widget-html\" data-id=\"bzab07c\" data-element_type=\"widget\" data-e-type=\"widget\" data-widget_type=\"html.default\">\n\t\t\t\t\t<div class=\"bz-about-cta\"><h2 class=\"bz-about-cta__heading\">Projenizi m\u00fchendislik harikas\u0131na \u00e7evirmeye haz\u0131r m\u0131s\u0131n\u0131z?<\/h2><p class=\"bz-about-cta__sub\">Bize bir brifing g\u00f6nderin \u2014 24 saat i\u00e7inde yan\u0131t veriyoruz.<\/p><div class=\"bz-about-cta__buttons\"><a href=\"https:\/\/bozcon.com\/tr\/contact\/\" class=\"bz-about-cta__btn bz-about-cta__btn--primary\">Brifinginizi g\u00f6nderin<\/a><a href=\"https:\/\/bozcon.com\/tr\/references\/\" class=\"bz-about-cta__btn bz-about-cta__btn--secondary\">Referanslar\u0131 \u0130ncele<\/a><\/div><\/div>\t\t\t\t<\/div>\n\t\t\t\t\t<\/div>\n\t\t<\/div>\n\t\t\t\t\t<\/div>\n\t\t<\/section>\n\t\t\t\t<\/div>","protected":false},"excerpt":{"rendered":"<p>About This page is coming soon. For inquiries, please contact us.<\/p>","protected":false},"author":0,"featured_media":0,"parent":0,"menu_order":0,"comment_status":"closed","ping_status":"closed","template":"elementor_header_footer","meta":{"_uag_custom_page_level_css":"","site-sidebar-layout":"default","site-content-layout":"","ast-site-content-layout":"default","site-content-style":"default","site-sidebar-style":"default","ast-global-header-display":"","ast-banner-title-visibility":"","ast-main-header-display":"","ast-hfb-above-header-display":"","ast-hfb-below-header-display":"","ast-hfb-mobile-header-display":"","site-post-title":"","ast-breadcrumbs-content":"","ast-featured-img":"","footer-sml-layout":"","ast-disable-related-posts":"","theme-transparent-header-meta":"","adv-header-id-meta":"","stick-header-meta":"","header-above-stick-meta":"","header-main-stick-meta":"","header-below-stick-meta":"","astra-migrate-meta-layouts":"default","ast-page-background-enabled":"default","ast-page-background-meta":{"desktop":{"background-color":"var(--ast-global-color-5)","background-image":"","background-repeat":"repeat","background-position":"center center","background-size":"auto","background-attachment":"scroll","background-type":"","background-media":"","overlay-type":"","overlay-color":"","overlay-opacity":"","overlay-gradient":""},"tablet":{"background-color":"","background-image":"","background-repeat":"repeat","background-position":"center center","background-size":"auto","background-attachment":"scroll","background-type":"","background-media":"","overlay-type":"","overlay-color":"","overlay-opacity":"","overlay-gradient":""},"mobile":{"background-color":"","background-image":"","background-repeat":"repeat","background-position":"center center","background-size":"auto","background-attachment":"scroll","background-type":"","background-media":"","overlay-type":"","overlay-color":"","overlay-opacity":"","overlay-gradient":""}},"ast-content-background-meta":{"desktop":{"background-color":"var(--ast-global-color-4)","background-image":"","background-repeat":"repeat","background-position":"center center","background-size":"auto","background-attachment":"scroll","background-type":"","background-media":"","overlay-type":"","overlay-color":"","overlay-opacity":"","overlay-gradient":""},"tablet":{"background-color":"var(--ast-global-color-4)","background-image":"","background-repeat":"repeat","background-position":"center center","background-size":"auto","background-attachment":"scroll","background-type":"","background-media":"","overlay-type":"","overlay-color":"","overlay-opacity":"","overlay-gradient":""},"mobile":{"background-color":"var(--ast-global-color-4)","background-image":"","background-repeat":"repeat","background-position":"center center","background-size":"auto","background-attachment":"scroll","background-type":"","background-media":"","overlay-type":"","overlay-color":"","overlay-opacity":"","overlay-gradient":""}},"footnotes":""},"class_list":["post-34","page","type-page","status-publish","hentry"],"aioseo_notices":[],"uagb_featured_image_src":{"full":false,"thumbnail":false,"medium":false,"medium_large":false,"large":false,"1536x1536":false,"2048x2048":false,"trp-custom-language-flag":false},"uagb_author_info":{"display_name":"","author_link":"https:\/\/bozcon.com\/tr\/author\/"},"uagb_comment_info":0,"uagb_excerpt":"About This page is coming soon. For inquiries, please contact us.","_links":{"self":[{"href":"https:\/\/bozcon.com\/tr\/wp-json\/wp\/v2\/pages\/34","targetHints":{"allow":["GET"]}}],"collection":[{"href":"https:\/\/bozcon.com\/tr\/wp-json\/wp\/v2\/pages"}],"about":[{"href":"https:\/\/bozcon.com\/tr\/wp-json\/wp\/v2\/types\/page"}],"replies":[{"embeddable":true,"href":"https:\/\/bozcon.com\/tr\/wp-json\/wp\/v2\/comments?post=34"}],"version-history":[{"count":1,"href":"https:\/\/bozcon.com\/tr\/wp-json\/wp\/v2\/pages\/34\/revisions"}],"predecessor-version":[{"id":42,"href":"https:\/\/bozcon.com\/tr\/wp-json\/wp\/v2\/pages\/34\/revisions\/42"}],"wp:attachment":[{"href":"https:\/\/bozcon.com\/tr\/wp-json\/wp\/v2\/media?parent=34"}],"curies":[{"name":"wp","href":"https:\/\/api.w.org\/{rel}","templated":true}]}}