{"id":33,"date":"2026-04-29T22:34:32","date_gmt":"2026-04-29T19:34:32","guid":{"rendered":"http:\/\/localhost:8094\/references\/"},"modified":"2026-04-29T22:36:05","modified_gmt":"2026-04-29T19:36:05","slug":"references","status":"publish","type":"page","link":"https:\/\/bozcon.com\/tr\/references\/","title":{"rendered":"Referanslar"},"content":{"rendered":"<div data-elementor-type=\"wp-page\" data-elementor-id=\"33\" class=\"elementor elementor-33\">\n\t\t\t\t\t\t<section class=\"elementor-section elementor-top-section elementor-element elementor-element-bzref01 elementor-section-full_width elementor-section-height-default elementor-section-height-default\" data-id=\"bzref01\" data-element_type=\"section\" data-e-type=\"section\">\n\t\t\t\t\t\t<div class=\"elementor-container elementor-column-gap-no\">\n\t\t\t\t\t<div class=\"elementor-column elementor-col-100 elementor-top-column elementor-element elementor-element-bzref01col\" data-id=\"bzref01col\" data-element_type=\"column\" data-e-type=\"column\">\n\t\t\t<div class=\"elementor-widget-wrap elementor-element-populated\">\n\t\t\t\t\t\t<div class=\"elementor-element elementor-element-bzr01h elementor-widget elementor-widget-html\" data-id=\"bzr01h\" data-element_type=\"widget\" data-e-type=\"widget\" data-widget_type=\"html.default\">\n\t\t\t\t\t<div class=\"bz-references-header\"><div><span class=\"bz-references-header__eyebrow\">TRUSTED BY<\/span><h1 class=\"bz-references-header__h1\">21 industry leaders. One engineering partner.<\/h1><p class=\"bz-references-header__sub\">From mining and energy giants to top-tier construction firms \u2014 BozCon Prefab has supplied modular structures, worker camps, and steel construction for projects across 16 countries.<\/p><\/div><\/div>\t\t\t\t<\/div>\n\t\t\t\t\t<\/div>\n\t\t<\/div>\n\t\t\t\t\t<\/div>\n\t\t<\/section>\n\t\t\t\t<section class=\"elementor-section elementor-top-section elementor-element elementor-element-bzref02 elementor-section-full_width elementor-section-height-default elementor-section-height-default\" data-id=\"bzref02\" data-element_type=\"section\" data-e-type=\"section\">\n\t\t\t\t\t\t<div class=\"elementor-container elementor-column-gap-no\">\n\t\t\t\t\t<div class=\"elementor-column elementor-col-100 elementor-top-column elementor-element elementor-element-bzref02col\" data-id=\"bzref02col\" data-element_type=\"column\" data-e-type=\"column\">\n\t\t\t<div class=\"elementor-widget-wrap elementor-element-populated\">\n\t\t\t\t\t\t<div class=\"elementor-element elementor-element-bzr02g elementor-widget elementor-widget-html\" data-id=\"bzr02g\" data-element_type=\"widget\" data-e-type=\"widget\" data-widget_type=\"html.default\">\n\t\t\t\t\t<div class=\"bz-references-filter\" role=\"toolbar\" aria-label=\"Filter references by sector\"><button type=\"button\" class=\"bz-references-chip is-active\" data-sector-filter=\"all\" aria-pressed=\"true\">All<\/button><button type=\"button\" class=\"bz-references-chip\" data-sector-filter=\"construction\" aria-pressed=\"false\">Construction<\/button><button type=\"button\" class=\"bz-references-chip\" data-sector-filter=\"mega-projects\" aria-pressed=\"false\">Mega-Projects<\/button><button type=\"button\" class=\"bz-references-chip\" data-sector-filter=\"energy\" aria-pressed=\"false\">Energy<\/button><button type=\"button\" class=\"bz-references-chip\" data-sector-filter=\"real-estate\" aria-pressed=\"false\">Real Estate<\/button><button type=\"button\" class=\"bz-references-chip\" data-sector-filter=\"materials\" aria-pressed=\"false\">Materials<\/button><\/div><div class=\"bz-references-grid\"><div class=\"bz-references-card\" data-sector=\"construction\"><img decoding=\"async\" src=\"https:\/\/bozcon.com\/wp-content\/uploads\/2026\/04\/bozcon-ref-artas-insaat.jpg\" alt=\"Arta\u015f \u0130n\u015faat logo\" loading=\"lazy\" \/><\/div><div class=\"bz-references-card\" data-sector=\"construction\"><img decoding=\"async\" src=\"https:\/\/bozcon.com\/wp-content\/uploads\/2026\/04\/bozcon-ref-zincir-yapi.jpg\" alt=\"Zincir Yap\u0131 logo\" loading=\"lazy\" \/><\/div><div class=\"bz-references-card\" data-sector=\"construction\"><img decoding=\"async\" src=\"https:\/\/bozcon.com\/wp-content\/uploads\/2026\/04\/bozcon-ref-yapi-yapi.jpg\" alt=\"Yap\u0131 &amp; Yap\u0131 logo\" loading=\"lazy\" \/><\/div><div class=\"bz-references-card\" data-sector=\"mega-projects\"><img decoding=\"async\" src=\"https:\/\/bozcon.com\/wp-content\/uploads\/2026\/04\/bozcon-ref-yapi-merkezi.jpg\" alt=\"Yap\u0131 Merkezi logo\" loading=\"lazy\" \/><\/div><div class=\"bz-references-card\" data-sector=\"real-estate\"><img decoding=\"async\" src=\"https:\/\/bozcon.com\/wp-content\/uploads\/2026\/04\/bozcon-ref-dogus-grubu.jpg\" alt=\"Do\u011fu\u015f Grubu logo\" loading=\"lazy\" \/><\/div><div class=\"bz-references-card\" data-sector=\"construction\"><img decoding=\"async\" src=\"https:\/\/bozcon.com\/wp-content\/uploads\/2026\/04\/bozcon-ref-tepe-insaat.jpg\" alt=\"Tepe \u0130n\u015faat logo\" loading=\"lazy\" \/><\/div><div class=\"bz-references-card\" data-sector=\"construction\"><img decoding=\"async\" src=\"https:\/\/bozcon.com\/wp-content\/uploads\/2026\/04\/bozcon-ref-teknik-yapi.jpg\" alt=\"Teknik Yap\u0131 logo\" loading=\"lazy\" \/><\/div><div class=\"bz-references-card\" data-sector=\"energy\"><img decoding=\"async\" src=\"https:\/\/bozcon.com\/wp-content\/uploads\/2026\/04\/bozcon-ref-tck.jpg\" alt=\"TCK logo\" loading=\"lazy\" \/><\/div><div class=\"bz-references-card\" data-sector=\"mega-projects\"><img decoding=\"async\" src=\"https:\/\/bozcon.com\/wp-content\/uploads\/2026\/04\/bozcon-ref-tav-construction.jpg\" alt=\"TAV Construction logo\" loading=\"lazy\" \/><\/div><div class=\"bz-references-card\" data-sector=\"mega-projects\"><img decoding=\"async\" src=\"https:\/\/bozcon.com\/wp-content\/uploads\/2026\/04\/bozcon-ref-stfa.jpg\" alt=\"STFA logo\" loading=\"lazy\" \/><\/div><div class=\"bz-references-card\" data-sector=\"energy\"><img decoding=\"async\" src=\"https:\/\/bozcon.com\/wp-content\/uploads\/2026\/04\/bozcon-ref-socar.jpg\" alt=\"SOCAR logo\" loading=\"lazy\" \/><\/div><div class=\"bz-references-card\" data-sector=\"materials\"><img decoding=\"async\" src=\"https:\/\/bozcon.com\/wp-content\/uploads\/2026\/04\/bozcon-ref-polatyol.jpg\" alt=\"Polatyol logo\" loading=\"lazy\" \/><\/div><div class=\"bz-references-card\" data-sector=\"construction\"><img decoding=\"async\" src=\"https:\/\/bozcon.com\/wp-content\/uploads\/2026\/04\/bozcon-ref-makyol.jpg\" alt=\"Makyol logo\" loading=\"lazy\" \/><\/div><div class=\"bz-references-card\" data-sector=\"construction\"><img decoding=\"async\" src=\"https:\/\/bozcon.com\/wp-content\/uploads\/2026\/04\/bozcon-ref-makro-insaat.jpg\" alt=\"Makro \u0130n\u015faat logo\" loading=\"lazy\" \/><\/div><div class=\"bz-references-card\" data-sector=\"construction\"><img decoding=\"async\" src=\"https:\/\/bozcon.com\/wp-content\/uploads\/2026\/04\/bozcon-ref-gulermak.jpg\" alt=\"G\u00fclermak logo\" loading=\"lazy\" \/><\/div><div class=\"bz-references-card\" data-sector=\"mega-projects\"><img decoding=\"async\" src=\"https:\/\/bozcon.com\/wp-content\/uploads\/2026\/04\/bozcon-ref-gemont.jpg\" alt=\"GEMONT logo\" loading=\"lazy\" \/><\/div><div class=\"bz-references-card\" data-sector=\"construction\"><img decoding=\"async\" src=\"https:\/\/bozcon.com\/wp-content\/uploads\/2026\/04\/bozcon-ref-eroglu.jpg\" alt=\"Ero\u011flu logo\" loading=\"lazy\" \/><\/div><div class=\"bz-references-card\" data-sector=\"mega-projects\"><img decoding=\"async\" src=\"https:\/\/bozcon.com\/wp-content\/uploads\/2026\/04\/bozcon-ref-enka.jpg\" alt=\"ENKA logo\" loading=\"lazy\" \/><\/div><div class=\"bz-references-card\" data-sector=\"real-estate\"><img decoding=\"async\" src=\"https:\/\/bozcon.com\/wp-content\/uploads\/2026\/04\/bozcon-ref-emaar.jpg\" alt=\"EMAAR logo\" loading=\"lazy\" \/><\/div><div class=\"bz-references-card\" data-sector=\"real-estate\"><img decoding=\"async\" src=\"https:\/\/bozcon.com\/wp-content\/uploads\/2026\/04\/bozcon-ref-dap-yapi.jpg\" alt=\"DAP Yap\u0131 logo\" loading=\"lazy\" \/><\/div><div class=\"bz-references-card\" data-sector=\"materials\"><img decoding=\"async\" src=\"https:\/\/bozcon.com\/wp-content\/uploads\/2026\/04\/bozcon-ref-bogazici-beton.jpg\" alt=\"Bo\u011fazi\u00e7i Beton logo\" loading=\"lazy\" \/><\/div><\/div>\t\t\t\t<\/div>\n\t\t\t\t\t<\/div>\n\t\t<\/div>\n\t\t\t\t\t<\/div>\n\t\t<\/section>\n\t\t\t\t<section class=\"elementor-section elementor-top-section elementor-element elementor-element-bzref03 elementor-section-full_width elementor-section-height-default elementor-section-height-default\" data-id=\"bzref03\" data-element_type=\"section\" data-e-type=\"section\">\n\t\t\t\t\t\t<div class=\"elementor-container elementor-column-gap-no\">\n\t\t\t\t\t<div class=\"elementor-column elementor-col-100 elementor-top-column elementor-element elementor-element-bzref03col\" data-id=\"bzref03col\" data-element_type=\"column\" data-e-type=\"column\">\n\t\t\t<div class=\"elementor-widget-wrap elementor-element-populated\">\n\t\t\t\t\t\t<div class=\"elementor-element elementor-element-bzr03c elementor-widget elementor-widget-html\" data-id=\"bzr03c\" data-element_type=\"widget\" data-e-type=\"widget\" data-widget_type=\"html.default\">\n\t\t\t\t\t<div class=\"bz-references-cta\"><h2 class=\"bz-references-cta__heading\">Ready to join this list?<\/h2><p class=\"bz-references-cta__sub\">Tell us about your project \u2014 engineering response in under 24 hours.<\/p><div class=\"bz-references-cta__buttons\"><a href=\"https:\/\/bozcon.com\/tr\/contact\/\" class=\"bz-references-cta__btn bz-references-cta__btn--primary\">Brifinginizi g\u00f6nderin<\/a><a href=\"https:\/\/bozcon.com\/tr\/about\/\" class=\"bz-references-cta__btn bz-references-cta__btn--secondary\">Hikayemizi okuyun<\/a><\/div><\/div>\t\t\t\t<\/div>\n\t\t\t\t\t<\/div>\n\t\t<\/div>\n\t\t\t\t\t<\/div>\n\t\t<\/section>\n\t\t\t\t<\/div>","protected":false},"excerpt":{"rendered":"<p>References This page is coming soon. For inquiries, please contact us.<\/p>","protected":false},"author":0,"featured_media":0,"parent":0,"menu_order":0,"comment_status":"closed","ping_status":"closed","template":"elementor_header_footer","meta":{"_uag_custom_page_level_css":"","site-sidebar-layout":"default","site-content-layout":"","ast-site-content-layout":"default","site-content-style":"default","site-sidebar-style":"default","ast-global-header-display":"","ast-banner-title-visibility":"","ast-main-header-display":"","ast-hfb-above-header-display":"","ast-hfb-below-header-display":"","ast-hfb-mobile-header-display":"","site-post-title":"","ast-breadcrumbs-content":"","ast-featured-img":"","footer-sml-layout":"","ast-disable-related-posts":"","theme-transparent-header-meta":"","adv-header-id-meta":"","stick-header-meta":"","header-above-stick-meta":"","header-main-stick-meta":"","header-below-stick-meta":"","astra-migrate-meta-layouts":"default","ast-page-background-enabled":"default","ast-page-background-meta":{"desktop":{"background-color":"var(--ast-global-color-5)","background-image":"","background-repeat":"repeat","background-position":"center center","background-size":"auto","background-attachment":"scroll","background-type":"","background-media":"","overlay-type":"","overlay-color":"","overlay-opacity":"","overlay-gradient":""},"tablet":{"background-color":"","background-image":"","background-repeat":"repeat","background-position":"center center","background-size":"auto","background-attachment":"scroll","background-type":"","background-media":"","overlay-type":"","overlay-color":"","overlay-opacity":"","overlay-gradient":""},"mobile":{"background-color":"","background-image":"","background-repeat":"repeat","background-position":"center center","background-size":"auto","background-attachment":"scroll","background-type":"","background-media":"","overlay-type":"","overlay-color":"","overlay-opacity":"","overlay-gradient":""}},"ast-content-background-meta":{"desktop":{"background-color":"var(--ast-global-color-4)","background-image":"","background-repeat":"repeat","background-position":"center center","background-size":"auto","background-attachment":"scroll","background-type":"","background-media":"","overlay-type":"","overlay-color":"","overlay-opacity":"","overlay-gradient":""},"tablet":{"background-color":"var(--ast-global-color-4)","background-image":"","background-repeat":"repeat","background-position":"center center","background-size":"auto","background-attachment":"scroll","background-type":"","background-media":"","overlay-type":"","overlay-color":"","overlay-opacity":"","overlay-gradient":""},"mobile":{"background-color":"var(--ast-global-color-4)","background-image":"","background-repeat":"repeat","background-position":"center center","background-size":"auto","background-attachment":"scroll","background-type":"","background-media":"","overlay-type":"","overlay-color":"","overlay-opacity":"","overlay-gradient":""}},"footnotes":""},"class_list":["post-33","page","type-page","status-publish","hentry"],"aioseo_notices":[],"uagb_featured_image_src":{"full":false,"thumbnail":false,"medium":false,"medium_large":false,"large":false,"1536x1536":false,"2048x2048":false,"trp-custom-language-flag":false},"uagb_author_info":{"display_name":"","author_link":"https:\/\/bozcon.com\/tr\/author\/"},"uagb_comment_info":0,"uagb_excerpt":"References This page is coming soon. For inquiries, please contact us.","_links":{"self":[{"href":"https:\/\/bozcon.com\/tr\/wp-json\/wp\/v2\/pages\/33","targetHints":{"allow":["GET"]}}],"collection":[{"href":"https:\/\/bozcon.com\/tr\/wp-json\/wp\/v2\/pages"}],"about":[{"href":"https:\/\/bozcon.com\/tr\/wp-json\/wp\/v2\/types\/page"}],"replies":[{"embeddable":true,"href":"https:\/\/bozcon.com\/tr\/wp-json\/wp\/v2\/comments?post=33"}],"version-history":[{"count":1,"href":"https:\/\/bozcon.com\/tr\/wp-json\/wp\/v2\/pages\/33\/revisions"}],"predecessor-version":[{"id":41,"href":"https:\/\/bozcon.com\/tr\/wp-json\/wp\/v2\/pages\/33\/revisions\/41"}],"wp:attachment":[{"href":"https:\/\/bozcon.com\/tr\/wp-json\/wp\/v2\/media?parent=33"}],"curies":[{"name":"wp","href":"https:\/\/api.w.org\/{rel}","templated":true}]}}