{"id":30,"date":"2026-04-29T22:34:29","date_gmt":"2026-04-29T19:34:29","guid":{"rendered":"http:\/\/localhost:8094\/collections-hospitality\/"},"modified":"2026-05-01T01:51:01","modified_gmt":"2026-04-30T22:51:01","slug":"collections-hospitality","status":"publish","type":"page","link":"https:\/\/bozcon.com\/tr\/collections-hospitality\/","title":{"rendered":"Konaklama"},"content":{"rendered":"<main id=\"main\" role=\"main\" class=\"bz-main\">\n\n\n<div class=\"bz-collection-header\"><div class=\"bz-collection-header__inner\"><span class=\"bz-collection-header__eyebrow\">KOLEKS\u0130YON \u2014 KONAKLAMA<\/span><h1 class=\"bz-collection-header__h1\">Saha konaklamas\u0131, standartlara g\u00f6re in\u015fa.<\/h1><p class=\"bz-collection-header__sub\">Yemekhaneler ve yatakhane platformlar\u0131 \u2014 504, 630 ve 1.140 m\u00b2 \u2014 saha da\u011f\u0131t\u0131m\u0131, tam tesisat ve operasyonel \u00f6m\u00fcr i\u00e7in m\u00fchendislik harikas\u0131.<\/p><\/div><\/div>\n\n\n\n<div class=\"bz-collection-intro\"><div class=\"bz-collection-intro__grid\"><p class=\"bz-collection-intro__lead\">Konaklama koleksiyonu, end\u00fcstriyel, madencilik ve uzak saha operat\u00f6rleri i\u00e7in anahtar teslim yemekhane ve konaklama platformlar\u0131 sunar. Her platform tam tesisat, HVAC ve yang\u0131n diren\u00e7li b\u00f6lmelerle tek yap\u0131sal zarf olarak m\u00fchendislik harikas\u0131 \u2014 haz\u0131rlanm\u0131\u015f temellere sahada monte edilebilir, teslim ilk g\u00fcn\u00fcnden operasyonel.<\/p><div class=\"bz-collection-intro__stats\"><div class=\"bz-collection-intro__stat\"><div class=\"bz-collection-intro__stat-num\">20+ YIL<\/div><div class=\"bz-collection-intro__stat-label\">M\u00fchendislik prati\u011fi<\/div><\/div><div class=\"bz-collection-intro__stat\"><div class=\"bz-collection-intro__stat-num\">8\u201314 HAFTA<\/div><div class=\"bz-collection-intro__stat-label\">\u00dcretim s\u00fcresi<\/div><\/div><div class=\"bz-collection-intro__stat\"><div class=\"bz-collection-intro__stat-num\">16 \u2014 1.140 m\u00b2<\/div><div class=\"bz-collection-intro__stat-label\">Alan aral\u0131\u011f\u0131<\/div><\/div><\/div><\/div><\/div>\n\n\n\n<h2 class=\"bz-collection-grid__heading bz-visually-hidden\">Browse the collection<\/h2>\n\n\n<div class=\"mhm-product-filter-wrapper\" >\r\n    <form class=\"mhm-filter-form\"\r\n        method=\"GET\"\r\n        action=\"https:\/\/bozcon.com\/tr\/wp-json\/wp\/v2\/pages\/30\"\r\n        role=\"search\"\r\n        aria-label=\"Product filter\" data-trp-original-action=\"https:\/\/bozcon.com\/tr\/wp-json\/wp\/v2\/pages\/30\"\r\n        >\r\n\r\n        <div class=\"mhm-filter-group-container\" style=\"display: flex; flex-wrap: wrap; gap: 15px; margin-bottom: 20px;\">\r\n            \r\n                            <div class=\"mhm-filter-group\">\r\n                    <label for=\"mhm-f-a8fc3c9d-3ea1-470e-b288-86294d49f18b-min-m2\" style=\"display:block; margin-bottom:5px; font-weight:600;\">Min Area (m\u00b2)<\/label>\r\n                    <input type=\"number\" id=\"mhm-f-a8fc3c9d-3ea1-470e-b288-86294d49f18b-min-m2\" name=\"min_m2\" value=\"\" placeholder=\"\u00f6rn. 50\"\r\n                        >\r\n                <\/div>\r\n            \r\n                            <div class=\"mhm-filter-group\">\r\n                    <label for=\"mhm-f-a8fc3c9d-3ea1-470e-b288-86294d49f18b-rooms\" style=\"display:block; margin-bottom:5px; font-weight:600;\">Rooms<\/label>\r\n                    <select id=\"mhm-f-a8fc3c9d-3ea1-470e-b288-86294d49f18b-rooms\" name=\"rooms\" >\r\n                        <option value=\"\">Any<\/option>\r\n                                                    <option value=\"1\" >1+<\/option>\r\n                                                    <option value=\"2\" >2+<\/option>\r\n                                                    <option value=\"3\" >3+<\/option>\r\n                                                    <option value=\"4\" >4+<\/option>\r\n                                                    <option value=\"5\" >5+<\/option>\r\n                                            <\/select>\r\n                <\/div>\r\n                    <\/div>\r\n\r\n        <div class=\"mhm-filter-actions\">\r\n            <button type=\"submit\" class=\"button button-primary mhm-filter-submit\">Search<\/button>\r\n                        <a href=\"https:\/\/bozcon.com\/tr\/builder-products\/\" class=\"mhm-filter-reset\" style=\"margin-left: 10px;\">Reset<\/a>\r\n        <\/div>\r\n    <input type=\"hidden\" name=\"trp-form-language\" value=\"tr\"\/><\/form>\r\n<\/div>\n\n\r\n<div class=\"mhm-product-grid-wrapper\" >\r\n    \r\n    <div class=\"mhm-product-grid columns-3\" >\r\n\r\n        \r\n        <!-- Server-Side Rendered (Hidden on successful client search) -->\r\n        <div  style=\"display: contents;\">\r\n                            <article class=\"mhm-product-card\"><a href=\"https:\/\/bozcon.com\/tr\/builder-product\/dormitory-dining-504m2\/\"><img decoding=\"async\" src=\"https:\/\/bozcon.com\/wp-content\/uploads\/2026\/04\/504m2_yatakhane-ve-yemekhane-min-1024x853.png\" alt=\"Dormitory + Dining 504 m\u00b2\"><\/a><div class=\"mhm-product-details\"><h3 class=\"mhm-product-title\"><a href=\"https:\/\/bozcon.com\/tr\/builder-product\/dormitory-dining-504m2\/\">Yatakhane + Yemekhane 504 m\u00b2<\/a><\/h3><div class=\"mhm-product-meta\"><span>504 m\u00b2<\/span><span>0 Rooms<\/span><\/div><\/div><\/article><article class=\"mhm-product-card\"><a href=\"https:\/\/bozcon.com\/tr\/builder-product\/dormitory-dining-630m2\/\"><img decoding=\"async\" src=\"https:\/\/bozcon.com\/wp-content\/uploads\/2026\/04\/630m2_Yemekhane-ve-Yatakhane-min-1024x853.png\" alt=\"Dormitory + Dining 630 m\u00b2\"><\/a><div class=\"mhm-product-details\"><h3 class=\"mhm-product-title\"><a href=\"https:\/\/bozcon.com\/tr\/builder-product\/dormitory-dining-630m2\/\">Yatakhane + Yemekhane 630 m\u00b2<\/a><\/h3><div class=\"mhm-product-meta\"><span>630 m\u00b2<\/span><span>0 Rooms<\/span><\/div><\/div><\/article><article class=\"mhm-product-card\"><a href=\"https:\/\/bozcon.com\/tr\/builder-product\/dormitory-dining-1140m2\/\"><img decoding=\"async\" src=\"https:\/\/bozcon.com\/wp-content\/uploads\/2026\/04\/1.140m2_Yemekhane-ve-Yatakhane-min-1024x853.png\" alt=\"Dormitory + Dining 1140 m\u00b2\"><\/a><div class=\"mhm-product-details\"><h3 class=\"mhm-product-title\"><a href=\"https:\/\/bozcon.com\/tr\/builder-product\/dormitory-dining-1140m2\/\">Yatakhane + Yemekhane 1140 m\u00b2<\/a><\/h3><div class=\"mhm-product-meta\"><span>1140 m\u00b2<\/span><span>0 Rooms<\/span><\/div><\/div><\/article>                    <\/div>\r\n\r\n    <\/div>\r\n\r\n    <\/div>\n\n\n<div class=\"bz-collection-cta\"><div class=\"bz-collection-cta__inner\"><span class=\"bz-collection-cta__eyebrow\">SONRAK\u0130 ADIM<\/span><h2 class=\"bz-collection-cta__heading\">Saha konaklaman\u0131z\u0131 belirtin.<\/h2><p class=\"bz-collection-cta__sub\">Yemekhane kapasitesi, yatakhane yataklar\u0131, iklim, da\u011f\u0131t\u0131m takvimi \u2014 brifinge g\u00f6re m\u00fchendislik yapar\u0131z.<\/p><div class=\"bz-collection-cta__buttons\"><a class=\"bz-collection-cta__btn bz-collection-cta__btn--primary\" href=\"\/tr\/contact\/\">Teklif iste<\/a><a class=\"bz-collection-cta__btn bz-collection-cta__btn--secondary\" href=\"\/tr\/engineering\/\">M\u00fchendisli\u011fimizi g\u00f6r<\/a><\/div><\/div><\/div>\n\n\n<\/main>","protected":false},"excerpt":{"rendered":"<p>COLLECTION \u2014 HOSPITALITY Field hospitality, built to standard. Dining halls and dormitory platforms \u2014 504, 630, and 1.140 m\u00b2 \u2014 [&hellip;]<\/p>\n","protected":false},"author":0,"featured_media":0,"parent":0,"menu_order":0,"comment_status":"closed","ping_status":"closed","template":"elementor_header_footer","meta":{"_uag_custom_page_level_css":"","site-sidebar-layout":"default","site-content-layout":"","ast-site-content-layout":"default","site-content-style":"default","site-sidebar-style":"default","ast-global-header-display":"","ast-banner-title-visibility":"","ast-main-header-display":"","ast-hfb-above-header-display":"","ast-hfb-below-header-display":"","ast-hfb-mobile-header-display":"","site-post-title":"","ast-breadcrumbs-content":"","ast-featured-img":"","footer-sml-layout":"","ast-disable-related-posts":"","theme-transparent-header-meta":"","adv-header-id-meta":"","stick-header-meta":"","header-above-stick-meta":"","header-main-stick-meta":"","header-below-stick-meta":"","astra-migrate-meta-layouts":"default","ast-page-background-enabled":"default","ast-page-background-meta":{"desktop":{"background-color":"var(--ast-global-color-5)","background-image":"","background-repeat":"repeat","background-position":"center center","background-size":"auto","background-attachment":"scroll","background-type":"","background-media":"","overlay-type":"","overlay-color":"","overlay-opacity":"","overlay-gradient":""},"tablet":{"background-color":"","background-image":"","background-repeat":"repeat","background-position":"center center","background-size":"auto","background-attachment":"scroll","background-type":"","background-media":"","overlay-type":"","overlay-color":"","overlay-opacity":"","overlay-gradient":""},"mobile":{"background-color":"","background-image":"","background-repeat":"repeat","background-position":"center center","background-size":"auto","background-attachment":"scroll","background-type":"","background-media":"","overlay-type":"","overlay-color":"","overlay-opacity":"","overlay-gradient":""}},"ast-content-background-meta":{"desktop":{"background-color":"var(--ast-global-color-4)","background-image":"","background-repeat":"repeat","background-position":"center center","background-size":"auto","background-attachment":"scroll","background-type":"","background-media":"","overlay-type":"","overlay-color":"","overlay-opacity":"","overlay-gradient":""},"tablet":{"background-color":"var(--ast-global-color-4)","background-image":"","background-repeat":"repeat","background-position":"center center","background-size":"auto","background-attachment":"scroll","background-type":"","background-media":"","overlay-type":"","overlay-color":"","overlay-opacity":"","overlay-gradient":""},"mobile":{"background-color":"var(--ast-global-color-4)","background-image":"","background-repeat":"repeat","background-position":"center center","background-size":"auto","background-attachment":"scroll","background-type":"","background-media":"","overlay-type":"","overlay-color":"","overlay-opacity":"","overlay-gradient":""}},"footnotes":""},"class_list":["post-30","page","type-page","status-publish","hentry"],"aioseo_notices":[],"uagb_featured_image_src":{"full":false,"thumbnail":false,"medium":false,"medium_large":false,"large":false,"1536x1536":false,"2048x2048":false,"trp-custom-language-flag":false},"uagb_author_info":{"display_name":"","author_link":"https:\/\/bozcon.com\/tr\/author\/"},"uagb_comment_info":0,"uagb_excerpt":"COLLECTION \u2014 HOSPITALITY Field hospitality, built to standard. Dining halls and dormitory platforms \u2014 504, 630, and 1.140 m\u00b2 \u2014 [&hellip;]","_links":{"self":[{"href":"https:\/\/bozcon.com\/tr\/wp-json\/wp\/v2\/pages\/30","targetHints":{"allow":["GET"]}}],"collection":[{"href":"https:\/\/bozcon.com\/tr\/wp-json\/wp\/v2\/pages"}],"about":[{"href":"https:\/\/bozcon.com\/tr\/wp-json\/wp\/v2\/types\/page"}],"replies":[{"embeddable":true,"href":"https:\/\/bozcon.com\/tr\/wp-json\/wp\/v2\/comments?post=30"}],"version-history":[{"count":4,"href":"https:\/\/bozcon.com\/tr\/wp-json\/wp\/v2\/pages\/30\/revisions"}],"predecessor-version":[{"id":230,"href":"https:\/\/bozcon.com\/tr\/wp-json\/wp\/v2\/pages\/30\/revisions\/230"}],"wp:attachment":[{"href":"https:\/\/bozcon.com\/tr\/wp-json\/wp\/v2\/media?parent=30"}],"curies":[{"name":"wp","href":"https:\/\/api.w.org\/{rel}","templated":true}]}}