{"id":29,"date":"2026-04-29T22:34:28","date_gmt":"2026-04-29T19:34:28","guid":{"rendered":"http:\/\/localhost:8094\/collections-workspace\/"},"modified":"2026-05-01T01:51:01","modified_gmt":"2026-04-30T22:51:01","slug":"collections-workspace","status":"publish","type":"page","link":"https:\/\/bozcon.com\/tr\/collections-workspace\/","title":{"rendered":"\u00c7al\u0131\u015fma Alan\u0131"},"content":{"rendered":"<main id=\"main\" role=\"main\" class=\"bz-main\">\n\n\n<div class=\"bz-collection-header\"><div class=\"bz-collection-header__inner\"><span class=\"bz-collection-header__eyebrow\">KOLEKS\u0130YON \u2014 \u00c7ALI\u015eMA ALANI<\/span><h1 class=\"bz-collection-header__h1\">Mod\u00fcler \u00e7al\u0131\u015fma alan\u0131, in\u015fa etti\u011finiz yerde teslim.<\/h1><p class=\"bz-collection-header__sub\">Ofis katlar\u0131, \u015fantiye kabinleri ve Boz-101 \u2192 Boz-116 konteyner ailesi \u2014 istiflenebilir, kaynaks\u0131z, saha veya operasyonel da\u011f\u0131t\u0131m i\u00e7in kod uyumlu.<\/p><\/div><\/div>\n\n\n\n<div class=\"bz-collection-intro\"><div class=\"bz-collection-intro__grid\"><p class=\"bz-collection-intro__lead\">\u00c7al\u0131\u015fma Alan\u0131 koleksiyonu, 210 m\u00b2 ve 360 m\u00b2 ofis katlar\u0131ndan tam 16 \u00fcniteli Boz konteyner ailesine kadar operasyonel ve saha altyap\u0131s\u0131n\u0131 kapsar. Birimler istif s\u0131n\u0131fland\u0131rmal\u0131, deniz nakliyesi veya treyler ile ta\u015f\u0131n\u0131r ve sahada ekibimiz veya sizin ekibinizle monte edilir. M\u00fchendislik, MEP rotalama ve as-built belgeler her projede teslim edilir.<\/p><div class=\"bz-collection-intro__stats\"><div class=\"bz-collection-intro__stat\"><div class=\"bz-collection-intro__stat-num\">20+ YIL<\/div><div class=\"bz-collection-intro__stat-label\">M\u00fchendislik prati\u011fi<\/div><\/div><div class=\"bz-collection-intro__stat\"><div class=\"bz-collection-intro__stat-num\">8\u201314 HAFTA<\/div><div class=\"bz-collection-intro__stat-label\">\u00dcretim s\u00fcresi<\/div><\/div><div class=\"bz-collection-intro__stat\"><div class=\"bz-collection-intro__stat-num\">16 \u2014 1.140 m\u00b2<\/div><div class=\"bz-collection-intro__stat-label\">Alan aral\u0131\u011f\u0131<\/div><\/div><\/div><\/div><\/div>\n\n\n\n<h2 class=\"bz-collection-grid__heading bz-visually-hidden\">Browse the collection<\/h2>\n\n\n<div class=\"mhm-product-filter-wrapper\" >\r\n    <form class=\"mhm-filter-form\"\r\n        method=\"GET\"\r\n        action=\"https:\/\/bozcon.com\/tr\/wp-json\/wp\/v2\/pages\/29\"\r\n        role=\"search\"\r\n        aria-label=\"Product filter\" data-trp-original-action=\"https:\/\/bozcon.com\/tr\/wp-json\/wp\/v2\/pages\/29\"\r\n        >\r\n\r\n        <div class=\"mhm-filter-group-container\" style=\"display: flex; flex-wrap: wrap; gap: 15px; margin-bottom: 20px;\">\r\n            \r\n                            <div class=\"mhm-filter-group\">\r\n                    <label for=\"mhm-f-b5e60b72-dcb3-4a74-8978-ce6abb941954-min-m2\" style=\"display:block; margin-bottom:5px; font-weight:600;\">Min Area (m\u00b2)<\/label>\r\n                    <input type=\"number\" id=\"mhm-f-b5e60b72-dcb3-4a74-8978-ce6abb941954-min-m2\" name=\"min_m2\" value=\"\" placeholder=\"\u00f6rn. 50\"\r\n                        >\r\n                <\/div>\r\n            \r\n                            <div class=\"mhm-filter-group\">\r\n                    <label for=\"mhm-f-b5e60b72-dcb3-4a74-8978-ce6abb941954-rooms\" style=\"display:block; margin-bottom:5px; font-weight:600;\">Rooms<\/label>\r\n                    <select id=\"mhm-f-b5e60b72-dcb3-4a74-8978-ce6abb941954-rooms\" name=\"rooms\" >\r\n                        <option value=\"\">Any<\/option>\r\n                                                    <option value=\"1\" >1+<\/option>\r\n                                                    <option value=\"2\" >2+<\/option>\r\n                                                    <option value=\"3\" >3+<\/option>\r\n                                                    <option value=\"4\" >4+<\/option>\r\n                                                    <option value=\"5\" >5+<\/option>\r\n                                            <\/select>\r\n                <\/div>\r\n                    <\/div>\r\n\r\n        <div class=\"mhm-filter-actions\">\r\n            <button type=\"submit\" class=\"button button-primary mhm-filter-submit\">Search<\/button>\r\n                        <a href=\"https:\/\/bozcon.com\/tr\/builder-products\/\" class=\"mhm-filter-reset\" style=\"margin-left: 10px;\">Reset<\/a>\r\n        <\/div>\r\n    <input type=\"hidden\" name=\"trp-form-language\" value=\"tr\"\/><\/form>\r\n<\/div>\n\n\r\n<div class=\"mhm-product-grid-wrapper\" >\r\n    \r\n    <div class=\"mhm-product-grid columns-3\" >\r\n\r\n        \r\n        <!-- Server-Side Rendered (Hidden on successful client search) -->\r\n        <div  style=\"display: contents;\">\r\n                            <article class=\"mhm-product-card\"><a href=\"https:\/\/bozcon.com\/tr\/builder-product\/office-210m2\/\"><img decoding=\"async\" src=\"https:\/\/bozcon.com\/wp-content\/uploads\/2026\/04\/210m2_ofis-plani-min-1024x853.png\" alt=\"Office 210 m\u00b2\"><\/a><div class=\"mhm-product-details\"><h3 class=\"mhm-product-title\"><a href=\"https:\/\/bozcon.com\/tr\/builder-product\/office-210m2\/\">Ofis 210 m\u00b2<\/a><\/h3><div class=\"mhm-product-meta\"><span>210 m\u00b2<\/span><span>0 Rooms<\/span><\/div><\/div><\/article><article class=\"mhm-product-card\"><a href=\"https:\/\/bozcon.com\/tr\/builder-product\/office-360m2\/\"><img decoding=\"async\" src=\"https:\/\/bozcon.com\/wp-content\/uploads\/2026\/04\/360m2_Ofis-Plani-min-1024x853.png\" alt=\"Office 360 m\u00b2\"><\/a><div class=\"mhm-product-details\"><h3 class=\"mhm-product-title\"><a href=\"https:\/\/bozcon.com\/tr\/builder-product\/office-360m2\/\">Ofis 360 m\u00b2<\/a><\/h3><div class=\"mhm-product-meta\"><span>360 m\u00b2<\/span><span>0 Rooms<\/span><\/div><\/div><\/article><article class=\"mhm-product-card\"><a href=\"https:\/\/bozcon.com\/tr\/builder-product\/boz-116\/\"><img decoding=\"async\" src=\"https:\/\/bozcon.com\/wp-content\/uploads\/2026\/04\/SH-116-1-1024x853.png\" alt=\"Boz-116\"><\/a><div class=\"mhm-product-details\"><h3 class=\"mhm-product-title\"><a href=\"https:\/\/bozcon.com\/tr\/builder-product\/boz-116\/\">Boz-116<\/a><\/h3><div class=\"mhm-product-meta\"><span>14 m\u00b2<\/span><span>1 Rooms<\/span><\/div><\/div><\/article><article class=\"mhm-product-card\"><a href=\"https:\/\/bozcon.com\/tr\/builder-product\/boz-101\/\"><img decoding=\"async\" src=\"https:\/\/bozcon.com\/wp-content\/uploads\/2026\/04\/SH-101_-1024x853.png\" alt=\"Boz-101\"><\/a><div class=\"mhm-product-details\"><h3 class=\"mhm-product-title\"><a href=\"https:\/\/bozcon.com\/tr\/builder-product\/boz-101\/\">Boz-101<\/a><\/h3><div class=\"mhm-product-meta\"><span>14 m\u00b2<\/span><span>1 Rooms<\/span><\/div><\/div><\/article><article class=\"mhm-product-card\"><a href=\"https:\/\/bozcon.com\/tr\/builder-product\/boz-102\/\"><img decoding=\"async\" src=\"https:\/\/bozcon.com\/wp-content\/uploads\/2026\/04\/SH-102-1024x853.png\" alt=\"Boz-102\"><\/a><div class=\"mhm-product-details\"><h3 class=\"mhm-product-title\"><a href=\"https:\/\/bozcon.com\/tr\/builder-product\/boz-102\/\">Boz-102<\/a><\/h3><div class=\"mhm-product-meta\"><span>14 m\u00b2<\/span><span>1 Rooms<\/span><\/div><\/div><\/article><article class=\"mhm-product-card\"><a href=\"https:\/\/bozcon.com\/tr\/builder-product\/boz-103\/\"><img decoding=\"async\" src=\"https:\/\/bozcon.com\/wp-content\/uploads\/2026\/04\/SH-103-1024x853.png\" alt=\"Boz-103\"><\/a><div class=\"mhm-product-details\"><h3 class=\"mhm-product-title\"><a href=\"https:\/\/bozcon.com\/tr\/builder-product\/boz-103\/\">Boz-103<\/a><\/h3><div class=\"mhm-product-meta\"><span>14 m\u00b2<\/span><span>1 Rooms<\/span><\/div><\/div><\/article><article class=\"mhm-product-card\"><a href=\"https:\/\/bozcon.com\/tr\/builder-product\/boz-104\/\"><img decoding=\"async\" src=\"https:\/\/bozcon.com\/wp-content\/uploads\/2026\/04\/SH-104-1024x853.png\" alt=\"Boz-104\"><\/a><div class=\"mhm-product-details\"><h3 class=\"mhm-product-title\"><a href=\"https:\/\/bozcon.com\/tr\/builder-product\/boz-104\/\">Boz-104<\/a><\/h3><div class=\"mhm-product-meta\"><span>14 m\u00b2<\/span><span>1 Rooms<\/span><\/div><\/div><\/article><article class=\"mhm-product-card\"><a href=\"https:\/\/bozcon.com\/tr\/builder-product\/boz-105\/\"><img decoding=\"async\" src=\"https:\/\/bozcon.com\/wp-content\/uploads\/2026\/04\/SH-105-1024x853.png\" alt=\"Boz-105\"><\/a><div class=\"mhm-product-details\"><h3 class=\"mhm-product-title\"><a href=\"https:\/\/bozcon.com\/tr\/builder-product\/boz-105\/\">Boz-105<\/a><\/h3><div class=\"mhm-product-meta\"><span>14 m\u00b2<\/span><span>1 Rooms<\/span><\/div><\/div><\/article><article class=\"mhm-product-card\"><a href=\"https:\/\/bozcon.com\/tr\/builder-product\/boz-106\/\"><img decoding=\"async\" src=\"https:\/\/bozcon.com\/wp-content\/uploads\/2026\/04\/SH-106-1024x853.png\" alt=\"Boz-106\"><\/a><div class=\"mhm-product-details\"><h3 class=\"mhm-product-title\"><a href=\"https:\/\/bozcon.com\/tr\/builder-product\/boz-106\/\">Boz-106<\/a><\/h3><div class=\"mhm-product-meta\"><span>14 m\u00b2<\/span><span>1 Rooms<\/span><\/div><\/div><\/article><article class=\"mhm-product-card\"><a href=\"https:\/\/bozcon.com\/tr\/builder-product\/boz-107\/\"><img decoding=\"async\" src=\"https:\/\/bozcon.com\/wp-content\/uploads\/2026\/04\/SH-107-1024x853.png\" alt=\"Boz-107\"><\/a><div class=\"mhm-product-details\"><h3 class=\"mhm-product-title\"><a href=\"https:\/\/bozcon.com\/tr\/builder-product\/boz-107\/\">Boz-107<\/a><\/h3><div class=\"mhm-product-meta\"><span>14 m\u00b2<\/span><span>1 Rooms<\/span><\/div><\/div><\/article><article class=\"mhm-product-card\"><a href=\"https:\/\/bozcon.com\/tr\/builder-product\/boz-108\/\"><img decoding=\"async\" src=\"https:\/\/bozcon.com\/wp-content\/uploads\/2026\/04\/SH-108-1024x853.png\" alt=\"Boz-108\"><\/a><div class=\"mhm-product-details\"><h3 class=\"mhm-product-title\"><a href=\"https:\/\/bozcon.com\/tr\/builder-product\/boz-108\/\">Boz-108<\/a><\/h3><div class=\"mhm-product-meta\"><span>14 m\u00b2<\/span><span>1 Rooms<\/span><\/div><\/div><\/article><article class=\"mhm-product-card\"><a href=\"https:\/\/bozcon.com\/tr\/builder-product\/boz-109\/\"><img decoding=\"async\" src=\"https:\/\/bozcon.com\/wp-content\/uploads\/2026\/04\/SH-109_-1024x853.png\" alt=\"Boz-109\"><\/a><div class=\"mhm-product-details\"><h3 class=\"mhm-product-title\"><a href=\"https:\/\/bozcon.com\/tr\/builder-product\/boz-109\/\">Boz-109<\/a><\/h3><div class=\"mhm-product-meta\"><span>14 m\u00b2<\/span><span>1 Rooms<\/span><\/div><\/div><\/article><article class=\"mhm-product-card\"><a href=\"https:\/\/bozcon.com\/tr\/builder-product\/boz-110\/\"><img decoding=\"async\" src=\"https:\/\/bozcon.com\/wp-content\/uploads\/2026\/04\/SH-110-1024x853.png\" alt=\"Boz-110\"><\/a><div class=\"mhm-product-details\"><h3 class=\"mhm-product-title\"><a href=\"https:\/\/bozcon.com\/tr\/builder-product\/boz-110\/\">Boz-110<\/a><\/h3><div class=\"mhm-product-meta\"><span>14 m\u00b2<\/span><span>1 Rooms<\/span><\/div><\/div><\/article><article class=\"mhm-product-card\"><a href=\"https:\/\/bozcon.com\/tr\/builder-product\/boz-111\/\"><img decoding=\"async\" src=\"https:\/\/bozcon.com\/wp-content\/uploads\/2026\/04\/SH-111-1024x853.png\" alt=\"Boz-111\"><\/a><div class=\"mhm-product-details\"><h3 class=\"mhm-product-title\"><a href=\"https:\/\/bozcon.com\/tr\/builder-product\/boz-111\/\">Boz-111<\/a><\/h3><div class=\"mhm-product-meta\"><span>14 m\u00b2<\/span><span>1 Rooms<\/span><\/div><\/div><\/article><article class=\"mhm-product-card\"><a href=\"https:\/\/bozcon.com\/tr\/builder-product\/boz-112\/\"><img decoding=\"async\" src=\"https:\/\/bozcon.com\/wp-content\/uploads\/2026\/04\/SH-112-1024x853.png\" alt=\"Boz-112\"><\/a><div class=\"mhm-product-details\"><h3 class=\"mhm-product-title\"><a href=\"https:\/\/bozcon.com\/tr\/builder-product\/boz-112\/\">Boz-112<\/a><\/h3><div class=\"mhm-product-meta\"><span>14 m\u00b2<\/span><span>1 Rooms<\/span><\/div><\/div><\/article><article class=\"mhm-product-card\"><a href=\"https:\/\/bozcon.com\/tr\/builder-product\/boz-113\/\"><img decoding=\"async\" src=\"https:\/\/bozcon.com\/wp-content\/uploads\/2026\/04\/SH-113-1024x853.png\" alt=\"Boz-113\"><\/a><div class=\"mhm-product-details\"><h3 class=\"mhm-product-title\"><a href=\"https:\/\/bozcon.com\/tr\/builder-product\/boz-113\/\">Boz-113<\/a><\/h3><div class=\"mhm-product-meta\"><span>14 m\u00b2<\/span><span>1 Rooms<\/span><\/div><\/div><\/article><article class=\"mhm-product-card\"><a href=\"https:\/\/bozcon.com\/tr\/builder-product\/boz-114\/\"><img decoding=\"async\" src=\"https:\/\/bozcon.com\/wp-content\/uploads\/2026\/04\/SH-114-1024x853.png\" alt=\"Boz-114\"><\/a><div class=\"mhm-product-details\"><h3 class=\"mhm-product-title\"><a href=\"https:\/\/bozcon.com\/tr\/builder-product\/boz-114\/\">Boz-114<\/a><\/h3><div class=\"mhm-product-meta\"><span>14 m\u00b2<\/span><span>1 Rooms<\/span><\/div><\/div><\/article><article class=\"mhm-product-card\"><a href=\"https:\/\/bozcon.com\/tr\/builder-product\/boz-115\/\"><img decoding=\"async\" src=\"https:\/\/bozcon.com\/wp-content\/uploads\/2026\/04\/SH-115-1024x853.png\" alt=\"Boz-115\"><\/a><div class=\"mhm-product-details\"><h3 class=\"mhm-product-title\"><a href=\"https:\/\/bozcon.com\/tr\/builder-product\/boz-115\/\">Boz-115<\/a><\/h3><div class=\"mhm-product-meta\"><span>14 m\u00b2<\/span><span>1 Rooms<\/span><\/div><\/div><\/article>                    <\/div>\r\n\r\n    <\/div>\r\n\r\n    <\/div>\n\n\n<div class=\"bz-collection-cta\"><div class=\"bz-collection-cta__inner\"><span class=\"bz-collection-cta__eyebrow\">SONRAK\u0130 ADIM<\/span><h2 class=\"bz-collection-cta__heading\">Operasyonel ayak izinizi planlay\u0131n.<\/h2><p class=\"bz-collection-cta__sub\">\u015eantiye kabinleri, ofis istifleri veya tam operasyonel kompleks \u2014 t\u00fcm ayak izinin m\u00fchendisli\u011fini yapar\u0131z.<\/p><div class=\"bz-collection-cta__buttons\"><a class=\"bz-collection-cta__btn bz-collection-cta__btn--primary\" href=\"\/tr\/contact\/\">Teklif iste<\/a><a class=\"bz-collection-cta__btn bz-collection-cta__btn--secondary\" href=\"\/tr\/engineering\/\">M\u00fchendisli\u011fimizi g\u00f6r<\/a><\/div><\/div><\/div>\n\n\n<\/main>","protected":false},"excerpt":{"rendered":"<p>COLLECTION \u2014 WORKSPACE Modular workspace, deployed where you build. Office floors, site cabins, and the Boz-101 \u2192 Boz-116 container family [&hellip;]<\/p>\n","protected":false},"author":0,"featured_media":0,"parent":0,"menu_order":0,"comment_status":"closed","ping_status":"closed","template":"elementor_header_footer","meta":{"_uag_custom_page_level_css":"","site-sidebar-layout":"default","site-content-layout":"","ast-site-content-layout":"default","site-content-style":"default","site-sidebar-style":"default","ast-global-header-display":"","ast-banner-title-visibility":"","ast-main-header-display":"","ast-hfb-above-header-display":"","ast-hfb-below-header-display":"","ast-hfb-mobile-header-display":"","site-post-title":"","ast-breadcrumbs-content":"","ast-featured-img":"","footer-sml-layout":"","ast-disable-related-posts":"","theme-transparent-header-meta":"","adv-header-id-meta":"","stick-header-meta":"","header-above-stick-meta":"","header-main-stick-meta":"","header-below-stick-meta":"","astra-migrate-meta-layouts":"default","ast-page-background-enabled":"default","ast-page-background-meta":{"desktop":{"background-color":"var(--ast-global-color-5)","background-image":"","background-repeat":"repeat","background-position":"center center","background-size":"auto","background-attachment":"scroll","background-type":"","background-media":"","overlay-type":"","overlay-color":"","overlay-opacity":"","overlay-gradient":""},"tablet":{"background-color":"","background-image":"","background-repeat":"repeat","background-position":"center center","background-size":"auto","background-attachment":"scroll","background-type":"","background-media":"","overlay-type":"","overlay-color":"","overlay-opacity":"","overlay-gradient":""},"mobile":{"background-color":"","background-image":"","background-repeat":"repeat","background-position":"center center","background-size":"auto","background-attachment":"scroll","background-type":"","background-media":"","overlay-type":"","overlay-color":"","overlay-opacity":"","overlay-gradient":""}},"ast-content-background-meta":{"desktop":{"background-color":"var(--ast-global-color-4)","background-image":"","background-repeat":"repeat","background-position":"center center","background-size":"auto","background-attachment":"scroll","background-type":"","background-media":"","overlay-type":"","overlay-color":"","overlay-opacity":"","overlay-gradient":""},"tablet":{"background-color":"var(--ast-global-color-4)","background-image":"","background-repeat":"repeat","background-position":"center center","background-size":"auto","background-attachment":"scroll","background-type":"","background-media":"","overlay-type":"","overlay-color":"","overlay-opacity":"","overlay-gradient":""},"mobile":{"background-color":"var(--ast-global-color-4)","background-image":"","background-repeat":"repeat","background-position":"center center","background-size":"auto","background-attachment":"scroll","background-type":"","background-media":"","overlay-type":"","overlay-color":"","overlay-opacity":"","overlay-gradient":""}},"footnotes":""},"class_list":["post-29","page","type-page","status-publish","hentry"],"aioseo_notices":[],"uagb_featured_image_src":{"full":false,"thumbnail":false,"medium":false,"medium_large":false,"large":false,"1536x1536":false,"2048x2048":false,"trp-custom-language-flag":false},"uagb_author_info":{"display_name":"","author_link":"https:\/\/bozcon.com\/tr\/author\/"},"uagb_comment_info":0,"uagb_excerpt":"COLLECTION \u2014 WORKSPACE Modular workspace, deployed where you build. Office floors, site cabins, and the Boz-101 \u2192 Boz-116 container family [&hellip;]","_links":{"self":[{"href":"https:\/\/bozcon.com\/tr\/wp-json\/wp\/v2\/pages\/29","targetHints":{"allow":["GET"]}}],"collection":[{"href":"https:\/\/bozcon.com\/tr\/wp-json\/wp\/v2\/pages"}],"about":[{"href":"https:\/\/bozcon.com\/tr\/wp-json\/wp\/v2\/types\/page"}],"replies":[{"embeddable":true,"href":"https:\/\/bozcon.com\/tr\/wp-json\/wp\/v2\/comments?post=29"}],"version-history":[{"count":4,"href":"https:\/\/bozcon.com\/tr\/wp-json\/wp\/v2\/pages\/29\/revisions"}],"predecessor-version":[{"id":229,"href":"https:\/\/bozcon.com\/tr\/wp-json\/wp\/v2\/pages\/29\/revisions\/229"}],"wp:attachment":[{"href":"https:\/\/bozcon.com\/tr\/wp-json\/wp\/v2\/media?parent=29"}],"curies":[{"name":"wp","href":"https:\/\/api.w.org\/{rel}","templated":true}]}}